{"id":8737,"date":"2021-07-23T08:02:47","date_gmt":"2021-07-23T08:02:47","guid":{"rendered":"https:\/\/bridge482.qodeinteractive.com\/?page_id=8737"},"modified":"2024-02-29T14:09:14","modified_gmt":"2024-02-29T13:09:14","slug":"about-the-company","status":"publish","type":"page","link":"http:\/\/souraconsulting.com\/?page_id=8737","title":{"rendered":"Qui sommes nous ?"},"content":{"rendered":"\t\t<div data-elementor-type=\"wp-page\" data-elementor-id=\"8737\" class=\"elementor elementor-8737\">\n\t\t\t\t\t\t<section class=\"elementor-section elementor-top-section elementor-element elementor-element-0adb477 elementor-section-full_width qode_elementor_container_inner elementor-section-height-default elementor-section-height-default parallax_section_no\" data-id=\"0adb477\" data-element_type=\"section\">\n\t\t\t\t\t\t<div class=\"elementor-container elementor-column-gap-default\">\n\t\t\t\t\t<div class=\"elementor-column elementor-col-100 elementor-top-column elementor-element elementor-element-ca7ab9f\" data-id=\"ca7ab9f\" data-element_type=\"column\">\n\t\t\t<div class=\"elementor-widget-wrap elementor-element-populated\">\n\t\t\t\t\t\t<div class=\"elementor-element elementor-element-3cad500 elementor-widget elementor-widget-text-editor\" data-id=\"3cad500\" data-element_type=\"widget\" data-widget_type=\"text-editor.default\">\n\t\t\t\t<div class=\"elementor-widget-container\">\n\t\t\t<style>\/*! elementor - v3.19.0 - 07-02-2024 *\/\n.elementor-widget-text-editor.elementor-drop-cap-view-stacked .elementor-drop-cap{background-color:#69727d;color:#fff}.elementor-widget-text-editor.elementor-drop-cap-view-framed .elementor-drop-cap{color:#69727d;border:3px solid;background-color:transparent}.elementor-widget-text-editor:not(.elementor-drop-cap-view-default) .elementor-drop-cap{margin-top:8px}.elementor-widget-text-editor:not(.elementor-drop-cap-view-default) .elementor-drop-cap-letter{width:1em;height:1em}.elementor-widget-text-editor .elementor-drop-cap{float:left;text-align:center;line-height:1;font-size:50px}.elementor-widget-text-editor .elementor-drop-cap-letter{display:inline-block}<\/style>\t\t\t\t<h1 style=\"color: #00757f;text-align : center; font-size: 36px; font-family: Open Sans;\">A PROPOS DE SOURA CONSULTING<\/h1>\t\t\t\t\t\t<\/div>\n\t\t\t\t<\/div>\n\t\t\t\t<div class=\"elementor-element elementor-element-efb94ec elementor-widget-divider--view-line elementor-widget elementor-widget-divider\" data-id=\"efb94ec\" data-element_type=\"widget\" data-widget_type=\"divider.default\">\n\t\t\t\t<div class=\"elementor-widget-container\">\n\t\t\t<style>\/*! elementor - v3.19.0 - 07-02-2024 *\/\n.elementor-widget-divider{--divider-border-style:none;--divider-border-width:1px;--divider-color:#0c0d0e;--divider-icon-size:20px;--divider-element-spacing:10px;--divider-pattern-height:24px;--divider-pattern-size:20px;--divider-pattern-url:none;--divider-pattern-repeat:repeat-x}.elementor-widget-divider .elementor-divider{display:flex}.elementor-widget-divider .elementor-divider__text{font-size:15px;line-height:1;max-width:95%}.elementor-widget-divider .elementor-divider__element{margin:0 var(--divider-element-spacing);flex-shrink:0}.elementor-widget-divider .elementor-icon{font-size:var(--divider-icon-size)}.elementor-widget-divider .elementor-divider-separator{display:flex;margin:0;direction:ltr}.elementor-widget-divider--view-line_icon .elementor-divider-separator,.elementor-widget-divider--view-line_text .elementor-divider-separator{align-items:center}.elementor-widget-divider--view-line_icon .elementor-divider-separator:after,.elementor-widget-divider--view-line_icon .elementor-divider-separator:before,.elementor-widget-divider--view-line_text .elementor-divider-separator:after,.elementor-widget-divider--view-line_text .elementor-divider-separator:before{display:block;content:\"\";border-block-end:0;flex-grow:1;border-block-start:var(--divider-border-width) var(--divider-border-style) var(--divider-color)}.elementor-widget-divider--element-align-left .elementor-divider .elementor-divider-separator>.elementor-divider__svg:first-of-type{flex-grow:0;flex-shrink:100}.elementor-widget-divider--element-align-left .elementor-divider-separator:before{content:none}.elementor-widget-divider--element-align-left .elementor-divider__element{margin-left:0}.elementor-widget-divider--element-align-right .elementor-divider .elementor-divider-separator>.elementor-divider__svg:last-of-type{flex-grow:0;flex-shrink:100}.elementor-widget-divider--element-align-right .elementor-divider-separator:after{content:none}.elementor-widget-divider--element-align-right .elementor-divider__element{margin-right:0}.elementor-widget-divider--element-align-start .elementor-divider .elementor-divider-separator>.elementor-divider__svg:first-of-type{flex-grow:0;flex-shrink:100}.elementor-widget-divider--element-align-start .elementor-divider-separator:before{content:none}.elementor-widget-divider--element-align-start .elementor-divider__element{margin-inline-start:0}.elementor-widget-divider--element-align-end .elementor-divider .elementor-divider-separator>.elementor-divider__svg:last-of-type{flex-grow:0;flex-shrink:100}.elementor-widget-divider--element-align-end .elementor-divider-separator:after{content:none}.elementor-widget-divider--element-align-end .elementor-divider__element{margin-inline-end:0}.elementor-widget-divider:not(.elementor-widget-divider--view-line_text):not(.elementor-widget-divider--view-line_icon) .elementor-divider-separator{border-block-start:var(--divider-border-width) var(--divider-border-style) var(--divider-color)}.elementor-widget-divider--separator-type-pattern{--divider-border-style:none}.elementor-widget-divider--separator-type-pattern.elementor-widget-divider--view-line .elementor-divider-separator,.elementor-widget-divider--separator-type-pattern:not(.elementor-widget-divider--view-line) .elementor-divider-separator:after,.elementor-widget-divider--separator-type-pattern:not(.elementor-widget-divider--view-line) .elementor-divider-separator:before,.elementor-widget-divider--separator-type-pattern:not([class*=elementor-widget-divider--view]) .elementor-divider-separator{width:100%;min-height:var(--divider-pattern-height);-webkit-mask-size:var(--divider-pattern-size) 100%;mask-size:var(--divider-pattern-size) 100%;-webkit-mask-repeat:var(--divider-pattern-repeat);mask-repeat:var(--divider-pattern-repeat);background-color:var(--divider-color);-webkit-mask-image:var(--divider-pattern-url);mask-image:var(--divider-pattern-url)}.elementor-widget-divider--no-spacing{--divider-pattern-size:auto}.elementor-widget-divider--bg-round{--divider-pattern-repeat:round}.rtl .elementor-widget-divider .elementor-divider__text{direction:rtl}.e-con-inner>.elementor-widget-divider,.e-con>.elementor-widget-divider{width:var(--container-widget-width,100%);--flex-grow:var(--container-widget-flex-grow)}<\/style>\t\t<div class=\"elementor-divider\">\n\t\t\t<span class=\"elementor-divider-separator\">\n\t\t\t\t\t\t<\/span>\n\t\t<\/div>\n\t\t\t\t<\/div>\n\t\t\t\t<\/div>\n\t\t\t\t<section class=\"elementor-section elementor-inner-section elementor-element elementor-element-adb134b elementor-section-full_width elementor-section-height-default elementor-section-height-default parallax_section_no qode_elementor_container_no\" data-id=\"adb134b\" data-element_type=\"section\">\n\t\t\t\t\t\t<div class=\"elementor-container elementor-column-gap-default\">\n\t\t\t\t\t<div class=\"elementor-column elementor-col-50 elementor-inner-column elementor-element elementor-element-b867801\" data-id=\"b867801\" data-element_type=\"column\">\n\t\t\t<div class=\"elementor-widget-wrap elementor-element-populated\">\n\t\t\t\t\t\t<div class=\"elementor-element elementor-element-cd9c4ce elementor-widget elementor-widget-spacer\" data-id=\"cd9c4ce\" data-element_type=\"widget\" data-widget_type=\"spacer.default\">\n\t\t\t\t<div class=\"elementor-widget-container\">\n\t\t\t<style>\/*! elementor - v3.19.0 - 07-02-2024 *\/\n.elementor-column .elementor-spacer-inner{height:var(--spacer-size)}.e-con{--container-widget-width:100%}.e-con-inner>.elementor-widget-spacer,.e-con>.elementor-widget-spacer{width:var(--container-widget-width,var(--spacer-size));--align-self:var(--container-widget-align-self,initial);--flex-shrink:0}.e-con-inner>.elementor-widget-spacer>.elementor-widget-container,.e-con>.elementor-widget-spacer>.elementor-widget-container{height:100%;width:100%}.e-con-inner>.elementor-widget-spacer>.elementor-widget-container>.elementor-spacer,.e-con>.elementor-widget-spacer>.elementor-widget-container>.elementor-spacer{height:100%}.e-con-inner>.elementor-widget-spacer>.elementor-widget-container>.elementor-spacer>.elementor-spacer-inner,.e-con>.elementor-widget-spacer>.elementor-widget-container>.elementor-spacer>.elementor-spacer-inner{height:var(--container-widget-height,var(--spacer-size))}.e-con-inner>.elementor-widget-spacer.elementor-widget-empty,.e-con>.elementor-widget-spacer.elementor-widget-empty{position:relative;min-height:22px;min-width:22px}.e-con-inner>.elementor-widget-spacer.elementor-widget-empty .elementor-widget-empty-icon,.e-con>.elementor-widget-spacer.elementor-widget-empty .elementor-widget-empty-icon{position:absolute;top:0;bottom:0;left:0;right:0;margin:auto;padding:0;width:22px;height:22px}<\/style>\t\t<div class=\"elementor-spacer\">\n\t\t\t<div class=\"elementor-spacer-inner\"><\/div>\n\t\t<\/div>\n\t\t\t\t<\/div>\n\t\t\t\t<\/div>\n\t\t\t\t<div class=\"elementor-element elementor-element-45b7336 elementor-widget elementor-widget-text-editor\" data-id=\"45b7336\" data-element_type=\"widget\" data-widget_type=\"text-editor.default\">\n\t\t\t\t<div class=\"elementor-widget-container\">\n\t\t\t\t\t\t\t<p>Nous sommes une \u00e9quipe passionn\u00e9e et engag\u00e9e de professionnels du conseil, d\u00e9vou\u00e9s \u00e0 aider nos clients \u00e0 r\u00e9aliser leur plein potentiel. \u00c0 Soura Consulting, nous comprenons que chaque entreprise est unique, avec ses propres d\u00e9fis, objectifs et aspirations. C&rsquo;est pourquoi nous offrons des solutions de consultation sur mesure, con\u00e7ues pour r\u00e9pondre sp\u00e9cifiquement aux besoins de chaque client.<\/p><p>Notre approche repose sur l&rsquo;excellence, l&rsquo;innovation et l&rsquo;engagement envers la r\u00e9ussite de nos clients. Nous travaillons en \u00e9troite collaboration avec vous pour comprendre votre entreprise, identifier les opportunit\u00e9s de croissance et surmonter les obstacles qui se dressent sur votre chemin vers le succ\u00e8s.<\/p><p>Bienvenue chez Soura Consulting, votre partenaire de confiance pour une croissance et une r\u00e9ussite durables.<\/p>\t\t\t\t\t\t<\/div>\n\t\t\t\t<\/div>\n\t\t\t\t<div class=\"elementor-element elementor-element-196e198 elementor-widget elementor-widget-spacer\" data-id=\"196e198\" data-element_type=\"widget\" data-widget_type=\"spacer.default\">\n\t\t\t\t<div class=\"elementor-widget-container\">\n\t\t\t\t\t<div class=\"elementor-spacer\">\n\t\t\t<div class=\"elementor-spacer-inner\"><\/div>\n\t\t<\/div>\n\t\t\t\t<\/div>\n\t\t\t\t<\/div>\n\t\t\t\t\t<\/div>\n\t\t<\/div>\n\t\t\t\t<div class=\"elementor-column elementor-col-50 elementor-inner-column elementor-element elementor-element-83f8fb2\" data-id=\"83f8fb2\" data-element_type=\"column\">\n\t\t\t<div class=\"elementor-widget-wrap elementor-element-populated\">\n\t\t\t\t\t\t<div class=\"elementor-element elementor-element-754d746 elementor-widget elementor-widget-image\" data-id=\"754d746\" data-element_type=\"widget\" data-widget_type=\"image.default\">\n\t\t\t\t<div class=\"elementor-widget-container\">\n\t\t\t<style>\/*! elementor - v3.19.0 - 07-02-2024 *\/\n.elementor-widget-image{text-align:center}.elementor-widget-image a{display:inline-block}.elementor-widget-image a img[src$=\".svg\"]{width:48px}.elementor-widget-image img{vertical-align:middle;display:inline-block}<\/style>\t\t\t\t\t\t\t\t\t\t<img fetchpriority=\"high\" decoding=\"async\" width=\"1024\" height=\"1024\" src=\"http:\/\/souraconsulting.com\/wp-content\/uploads\/2024\/02\/Logo-Soura-Consulting-1024x1024.jpg\" class=\"attachment-large size-large wp-image-15805\" alt=\"\" srcset=\"http:\/\/souraconsulting.com\/wp-content\/uploads\/2024\/02\/Logo-Soura-Consulting-1024x1024.jpg 1024w, http:\/\/souraconsulting.com\/wp-content\/uploads\/2024\/02\/Logo-Soura-Consulting-300x300.jpg 300w, http:\/\/souraconsulting.com\/wp-content\/uploads\/2024\/02\/Logo-Soura-Consulting-150x150.jpg 150w, http:\/\/souraconsulting.com\/wp-content\/uploads\/2024\/02\/Logo-Soura-Consulting-768x768.jpg 768w, http:\/\/souraconsulting.com\/wp-content\/uploads\/2024\/02\/Logo-Soura-Consulting-570x570.jpg 570w, http:\/\/souraconsulting.com\/wp-content\/uploads\/2024\/02\/Logo-Soura-Consulting-500x500.jpg 500w, http:\/\/souraconsulting.com\/wp-content\/uploads\/2024\/02\/Logo-Soura-Consulting-1000x1000.jpg 1000w, http:\/\/souraconsulting.com\/wp-content\/uploads\/2024\/02\/Logo-Soura-Consulting-700x700.jpg 700w, http:\/\/souraconsulting.com\/wp-content\/uploads\/2024\/02\/Logo-Soura-Consulting-650x650.jpg 650w, http:\/\/souraconsulting.com\/wp-content\/uploads\/2024\/02\/Logo-Soura-Consulting.jpg 1300w\" sizes=\"(max-width: 1024px) 100vw, 1024px\" \/>\t\t\t\t\t\t\t\t\t\t\t\t\t<\/div>\n\t\t\t\t<\/div>\n\t\t\t\t\t<\/div>\n\t\t<\/div>\n\t\t\t\t\t<\/div>\n\t\t<\/section>\n\t\t\t\t\t<\/div>\n\t\t<\/div>\n\t\t\t\t\t<\/div>\n\t\t<\/section>\n\t\t<div class=\"elementor-element elementor-element-b293dc3 e-con-full e-flex parallax_section_no qode_elementor_container_no e-con e-parent\" data-id=\"b293dc3\" data-element_type=\"container\" data-settings=\"{&quot;content_width&quot;:&quot;full&quot;}\" data-core-v316-plus=\"true\">\n\t\t\t\t<div class=\"elementor-element elementor-element-1cfb413 elementor-widget__width-inherit elementor-widget elementor-widget-html\" data-id=\"1cfb413\" data-element_type=\"widget\" data-widget_type=\"html.default\">\n\t\t\t\t<div class=\"elementor-widget-container\">\n\t\t\t<!DOCTYPE html>\n<html lang=\"fr\">\n<head>\n    <meta charset=\"UTF-8\">\n    <meta name=\"viewport\" content=\"width=device-width, initial-scale=1.0\">\n    <style>\n        .values-section {\n            text-align: center;\n            padding: 80px 20px;\n            background-color: #f9f9f9;\n            color: #333;\n        }\n\n        .values-section h2 {\n            font-size: 36px;\n            margin-bottom: 20px;\n            letter-spacing: 2px;\n            text-transform: uppercase;\n            color: #00757f;\n        }\n\n        .values-list {\n            display: flex;\n            justify-content: space-around;\n            max-width: 1200px;\n            margin: 0 auto;\n        }\n\n        .value {\n            flex: 1;\n            text-align: left;\n            padding: 20px;\n            background-color: #fff;\n            border-radius: 8px;\n            box-shadow: 0 0 10px rgba(0, 0, 0, 0.1);\n            transition: transform 0.3s ease-in-out;\n            margin: 10px; \/* Ajout de marges entre les valeurs *\/\n        }\n\n        .value:hover {\n            transform: translateY(-10px);\n        }\n\n        .value h3 {\n            font-size: 24px;\n            margin-bottom: 10px;\n            color: #00757f;\n        }\n\n        .value p {\n            font-size: 16px;\n            line-height: 1.6;\n            color: #555;\n        }\n    <\/style>\n<\/head>\n<body>\n\n<section class=\"values-section\">\n    <h2>Nos Valeurs<\/h2>\n    <div class=\"values-list\">\n        <div class=\"value\">\n            <h3>Engagement envers l'Excellence<\/h3>\n            <p>Nous nous engageons \u00e0 fournir des services et des solutions d'une qualit\u00e9 exceptionnelle, en nous effor\u00e7ant continuellement d'atteindre l'excellence dans tout ce que nous entreprenons.<\/p>\n        <\/div>\n        <div class=\"value\">\n            <h3>Innovation Continue<\/h3>\n            <p><br>Nous encourageons l'innovation et la cr\u00e9ativit\u00e9. Nous sommes constamment \u00e0 la recherche de nouvelles id\u00e9es et de solutions innovantes pour r\u00e9pondre aux besoins changeants de nos clients.<\/p>\n        <\/div>\n        <div class=\"value\">\n            <h3>Collaboration et Partenariat<\/h3>\n            <p>Nous croyons en la force de la collaboration. En travaillant en partenariat avec nos clients, nous pouvons atteindre des r\u00e9sultats exceptionnels et cr\u00e9er des relations durables bas\u00e9es sur la confiance mutuelle.<\/p>\n        <\/div>\n    <\/div>\n<\/section>\n\n<\/body>\n<\/html>\n\t\t<\/div>\n\t\t\t\t<\/div>\n\t\t\t\t<\/div>\n\t\t\t\t<\/div>\n\t\t","protected":false},"excerpt":{"rendered":"<p>A PROPOS DE SOURA CONSULTING Nous sommes une \u00e9quipe passionn\u00e9e et engag\u00e9e de professionnels du conseil, d\u00e9vou\u00e9s \u00e0 aider nos clients \u00e0 r\u00e9aliser leur plein potentiel. \u00c0 Soura Consulting, nous comprenons que chaque entreprise est unique, avec ses propres d\u00e9fis, objectifs et aspirations. C&rsquo;est pourquoi&#8230;<\/p>\n","protected":false},"author":1,"featured_media":0,"parent":0,"menu_order":0,"comment_status":"closed","ping_status":"closed","template":"full_width.php","meta":{"content-type":"","footnotes":""},"class_list":["post-8737","page","type-page","status-publish","hentry"],"_links":{"self":[{"href":"http:\/\/souraconsulting.com\/index.php?rest_route=\/wp\/v2\/pages\/8737","targetHints":{"allow":["GET"]}}],"collection":[{"href":"http:\/\/souraconsulting.com\/index.php?rest_route=\/wp\/v2\/pages"}],"about":[{"href":"http:\/\/souraconsulting.com\/index.php?rest_route=\/wp\/v2\/types\/page"}],"author":[{"embeddable":true,"href":"http:\/\/souraconsulting.com\/index.php?rest_route=\/wp\/v2\/users\/1"}],"replies":[{"embeddable":true,"href":"http:\/\/souraconsulting.com\/index.php?rest_route=%2Fwp%2Fv2%2Fcomments&post=8737"}],"version-history":[{"count":25,"href":"http:\/\/souraconsulting.com\/index.php?rest_route=\/wp\/v2\/pages\/8737\/revisions"}],"predecessor-version":[{"id":16135,"href":"http:\/\/souraconsulting.com\/index.php?rest_route=\/wp\/v2\/pages\/8737\/revisions\/16135"}],"wp:attachment":[{"href":"http:\/\/souraconsulting.com\/index.php?rest_route=%2Fwp%2Fv2%2Fmedia&parent=8737"}],"curies":[{"name":"wp","href":"https:\/\/api.w.org\/{rel}","templated":true}]}}